{"id":69,"date":"2023-10-02T08:04:38","date_gmt":"2023-10-02T08:04:38","guid":{"rendered":"https:\/\/marcinskrok.pl\/?page_id=69"},"modified":"2023-10-02T08:06:05","modified_gmt":"2023-10-02T08:06:05","slug":"analiza-danych","status":"publish","type":"page","link":"https:\/\/marcinskrok.pl\/index.php\/analiza-danych\/","title":{"rendered":"Analiza danych"},"content":{"rendered":"\n<p class=\"has-cyan-bluish-gray-color has-black-background-color has-text-color has-background has-medium-font-size\">Analizy s\u0105 wykonywane w oparciu o wiedz\u0119 z zakresu statystyki i metodologii bada\u0144 naukowych. Podczas przygotowania danych najpierw dokonywane jest dopracowanie danych surowych, usuni\u0119cie warto\u015bci odstaj\u0105cych lub b\u0142\u0119d\u00f3w logicznych. Ka\u017cda zmienna jest zakodowana zgodnie z rodzajem skali pomiarowej. Metody statystyczne s\u0105 dobrane zgodnie z zasadami ich stosowalno\u015bci. Obliczenia i analizy s\u0105 wykonywane w programach, takich jak: SPSS, JAMOVI, MedCalc, \u015brodowisko R. Szczeg\u00f3\u0142y na temat us\u0142ugi znajduj\u0105 si\u0119 na stronie: <a href=\"http:\/\/statystyka.org.pl\/\">statystyka.org.pl<\/a><\/p>\n","protected":false},"excerpt":{"rendered":"<p>Analizy s\u0105 wykonywane w oparciu o wiedz\u0119 z zakresu statystyki i metodologii bada\u0144 naukowych. Podczas przygotowania danych najpierw dokonywane jest dopracowanie danych surowych, usuni\u0119cie warto\u015bci odstaj\u0105cych lub b\u0142\u0119d\u00f3w logicznych. Ka\u017cda zmienna jest zakodowana zgodnie z rodzajem skali pomiarowej. Metody statystyczne s\u0105 dobrane zgodnie z zasadami ich stosowalno\u015bci. Obliczenia i analizy&#8230;<\/p>\n","protected":false},"author":1,"featured_media":0,"parent":0,"menu_order":0,"comment_status":"closed","ping_status":"closed","template":"","meta":{"footnotes":""},"class_list":["post-69","page","type-page","status-publish","hentry"],"_links":{"self":[{"href":"https:\/\/marcinskrok.pl\/index.php\/wp-json\/wp\/v2\/pages\/69"}],"collection":[{"href":"https:\/\/marcinskrok.pl\/index.php\/wp-json\/wp\/v2\/pages"}],"about":[{"href":"https:\/\/marcinskrok.pl\/index.php\/wp-json\/wp\/v2\/types\/page"}],"author":[{"embeddable":true,"href":"https:\/\/marcinskrok.pl\/index.php\/wp-json\/wp\/v2\/users\/1"}],"replies":[{"embeddable":true,"href":"https:\/\/marcinskrok.pl\/index.php\/wp-json\/wp\/v2\/comments?post=69"}],"version-history":[{"count":4,"href":"https:\/\/marcinskrok.pl\/index.php\/wp-json\/wp\/v2\/pages\/69\/revisions"}],"predecessor-version":[{"id":74,"href":"https:\/\/marcinskrok.pl\/index.php\/wp-json\/wp\/v2\/pages\/69\/revisions\/74"}],"wp:attachment":[{"href":"https:\/\/marcinskrok.pl\/index.php\/wp-json\/wp\/v2\/media?parent=69"}],"curies":[{"name":"wp","href":"https:\/\/api.w.org\/{rel}","templated":true}]}}