{"id":21,"date":"2020-06-15T09:18:19","date_gmt":"2020-06-15T09:18:19","guid":{"rendered":"https:\/\/marcinskrok.pl\/?page_id=21"},"modified":"2024-10-29T08:24:26","modified_gmt":"2024-10-29T08:24:26","slug":"o-mnie","status":"publish","type":"page","link":"https:\/\/marcinskrok.pl\/","title":{"rendered":"Dane, analiza, wiedza, praktyka"},"content":{"rendered":"\n<p class=\"has-cyan-bluish-gray-color has-black-background-color has-text-color has-background has-medium-font-size\">W czasach intensywnego rozwoju gospodarczego jakie obserwowali\u015bmy dawniej czy w czasach kryzysu, innowacyjno\u015b\u0107 ma jedn\u0105 z kluczowych r\u00f3l w utrzymaniu si\u0119 na rynku. Jednym z kluczowych narz\u0119dzi przetrwania przedsi\u0119biorstwa, osoby czy po prostu rozwoju naukowego jest analiza danych. Warto uczy\u0107 si\u0119 metod analizy danych, aby lepiej m\u00f3c wychwytywa\u0107 przyczyny zmienno\u015bci otaczaj\u0105cego \u015bwiata czy \u015brodowiska. <\/p>\n","protected":false},"excerpt":{"rendered":"<p>W czasach intensywnego rozwoju gospodarczego jakie obserwowali\u015bmy dawniej czy w czasach kryzysu, innowacyjno\u015b\u0107 ma jedn\u0105 z kluczowych r\u00f3l w utrzymaniu si\u0119 na rynku. Jednym z kluczowych narz\u0119dzi przetrwania przedsi\u0119biorstwa, osoby czy po prostu rozwoju naukowego jest analiza danych. Warto uczy\u0107 si\u0119 metod analizy danych, aby lepiej m\u00f3c wychwytywa\u0107 przyczyny zmienno\u015bci&#8230;<\/p>\n","protected":false},"author":1,"featured_media":10,"parent":0,"menu_order":0,"comment_status":"closed","ping_status":"closed","template":"","meta":{"footnotes":""},"class_list":["post-21","page","type-page","status-publish","has-post-thumbnail","hentry"],"_links":{"self":[{"href":"https:\/\/marcinskrok.pl\/index.php\/wp-json\/wp\/v2\/pages\/21"}],"collection":[{"href":"https:\/\/marcinskrok.pl\/index.php\/wp-json\/wp\/v2\/pages"}],"about":[{"href":"https:\/\/marcinskrok.pl\/index.php\/wp-json\/wp\/v2\/types\/page"}],"author":[{"embeddable":true,"href":"https:\/\/marcinskrok.pl\/index.php\/wp-json\/wp\/v2\/users\/1"}],"replies":[{"embeddable":true,"href":"https:\/\/marcinskrok.pl\/index.php\/wp-json\/wp\/v2\/comments?post=21"}],"version-history":[{"count":13,"href":"https:\/\/marcinskrok.pl\/index.php\/wp-json\/wp\/v2\/pages\/21\/revisions"}],"predecessor-version":[{"id":85,"href":"https:\/\/marcinskrok.pl\/index.php\/wp-json\/wp\/v2\/pages\/21\/revisions\/85"}],"wp:featuredmedia":[{"embeddable":true,"href":"https:\/\/marcinskrok.pl\/index.php\/wp-json\/wp\/v2\/media\/10"}],"wp:attachment":[{"href":"https:\/\/marcinskrok.pl\/index.php\/wp-json\/wp\/v2\/media?parent=21"}],"curies":[{"name":"wp","href":"https:\/\/api.w.org\/{rel}","templated":true}]}}